{"id":456,"date":"2024-05-20T17:14:49","date_gmt":"2024-05-20T15:14:49","guid":{"rendered":"https:\/\/appartementslarochelle.fr\/?page_id=456"},"modified":"2024-06-04T14:17:36","modified_gmt":"2024-06-04T12:17:36","slug":"les-mentions-legales","status":"publish","type":"page","link":"https:\/\/appartementslarochelle.fr\/index.php\/les-mentions-legales\/","title":{"rendered":"Les mentions l\u00e9gales"},"content":{"rendered":"\t\t<div data-elementor-type=\"wp-page\" data-elementor-id=\"456\" class=\"elementor elementor-456\">\n\t\t\t\t<div class=\"elementor-element elementor-element-ec416ce e-flex e-con-boxed e-con e-parent\" data-id=\"ec416ce\" data-element_type=\"container\" data-e-type=\"container\">\n\t\t\t\t\t<div class=\"e-con-inner\">\n\t\t\t\t<div class=\"elementor-element elementor-element-5fae59b elementor-widget elementor-widget-heading\" data-id=\"5fae59b\" data-element_type=\"widget\" data-e-type=\"widget\" data-widget_type=\"heading.default\">\n\t\t\t\t<div class=\"elementor-widget-container\">\n\t\t\t\t\t<h1 class=\"elementor-heading-title elementor-size-default\">Mentions l\u00e9gales<\/h1>\t\t\t\t<\/div>\n\t\t\t\t<\/div>\n\t\t\t\t\t<\/div>\n\t\t\t\t<\/div>\n\t\t<div class=\"elementor-element elementor-element-339b35d e-flex e-con-boxed e-con e-parent\" data-id=\"339b35d\" data-element_type=\"container\" data-e-type=\"container\">\n\t\t\t\t\t<div class=\"e-con-inner\">\n\t\t\t\t<div class=\"elementor-element elementor-element-fd5054f elementor-widget elementor-widget-text-editor\" data-id=\"fd5054f\" data-element_type=\"widget\" data-e-type=\"widget\" data-widget_type=\"text-editor.default\">\n\t\t\t\t<div class=\"elementor-widget-container\">\n\t\t\t\t\t\t\t\t\t<p>\n<h1>Mentions l\u00e9gales<\/h1>\n<p>En vigueur au <time datetime=\"2024-06-03\">03\/06\/2024<\/time><\/p>\n\n \n<p>Conform\u00e9ment aux dispositions des Articles 6-III et 19 de la Loi n\u00b02004-575 du 21 juin 2004 pour la Confiance dans l\u2019\u00e9conomie num\u00e9rique, dite L.C.E.N., il est port\u00e9 \u00e0 la connaissance des utilisateurs et visiteurs, ci-apr\u00e8s l'\u00a0\u00bbUtilisateur\u00a0\u00bb, du site <a href=\"https:\/\/appartementslarochelle.fr\"><\/a> , ci-apr\u00e8s le \u00ab\u00a0Site\u00a0\u00bb, les pr\u00e9sentes mentions l\u00e9gales.<\/p>\n\n<p>La connexion et la navigation sur le Site par l\u2019Utilisateur implique acceptation int\u00e9grale et sans r\u00e9serve des pr\u00e9sentes mentions l\u00e9gales.<\/p>\n\n<p id=\"mlw-credits-show-more\" onclick=\"document.querySelector('#mlw-credits').style.height = 'auto'; this.style.display = 'none'\">Voir les cr\u00e9dits.<\/p>\n<div id=\"mlw-credits\" style=\"height:0px; overflow:hidden;\" >\n    Ces mentions l\u00e9gales ont \u00e9t\u00e9 g\u00e9n\u00e9r\u00e9es via le plugin Mentions L\u00e9gales par <a href=\"https:\/\/webdeclic.com\/\" target=\"_blank\">Webdeclic SAS<\/a>.\n    <p>\n        <a href=\"#\" onclick=\"document.querySelector('#mlw-credits').style.height = '0px'; document.querySelector('#mlw-credits-show-more').style.display = 'block'\">Cacher les cr\u00e9dits<\/a>\n    <\/p>\n<\/div>\n\n<h2>ARTICLE 1 &#8211; L&rsquo;EDITEUR<\/h2>\n\n    <p>\n        L&rsquo;\u00e9dition du Site est assur\u00e9e par Mr et Mme BIGOT, domicili\u00e9 au 7 rue des demoiselles.\n    <\/p>\n    <p>Num\u00e9ro de t\u00e9l\u00e9phone : 0651367260,<\/p>\n    <p>Adresse e-mail : abigot@gmail.com.<\/p>\n    \n\n<h2>ARTICLE 2 &#8211; L&rsquo;HEBERGEUR<\/h2>\n\n<p>L&rsquo;h\u00e9bergeur du Site est la soci\u00e9t\u00e9 OVH, dont le si\u00e8ge social est situ\u00e9 au 2 rue Kellermann 75000 paris , avec le num\u00e9ro de t\u00e9l\u00e9phone : 09 72 10 10 07.<\/p>\n\n<h2>ARTICLE 3 &#8211; ACCES AU SITE<\/h2>\n\n<p>Le Site est accessible en tout endroit, 7j\/7, 24h\/24 sauf cas de force majeure, interruption programm\u00e9e ou non et pouvant d\u00e9coulant d\u2019une n\u00e9cessit\u00e9 de maintenance.<\/p>\n\n<p>En cas de modification, interruption ou suspension du Site, l&rsquo;Editeur ne saurait \u00eatre tenu responsable.<\/p>\n\n<h2>ARTICLE 4 &#8211; COLLECTE DES DONNEES<\/h2>\n    <p>Le Site ne collecte aucune donn\u00e9e personnelle.<\/p>\n     \n<p>Toute utilisation, reproduction, diffusion, commercialisation, modification de toute ou partie du Site, sans autorisation de l\u2019Editeur est prohib\u00e9e et pourra entra\u00een\u00e9e des actions et poursuites judiciaires telles que notamment pr\u00e9vues par le Code de la propri\u00e9t\u00e9 intellectuelle et le Code civil.<\/p>\n\n<p>Pour plus d\u2019informations, se reporter aux CGU du site <a href=\"https:\/\/appartementslarochelle.fr\"><\/a> accessible \u00e0 la rubrique \u00ab\u00a0CGU\u00a0\u00bb<\/p>\n<p>Pour plus d\u2019informations, se reporter aux CGV du site <a href=\"https:\/\/appartementslarochelle.fr\"><\/a> accessible \u00e0 la rubrique \u00ab\u00a0CGV\u00a0\u00bb <\/p>\n<p>Pour plus d&rsquo;informations en mati\u00e8re de protection des donn\u00e9es \u00e0 caract\u00e8re personnel , se reporter \u00e0 la Charte en mati\u00e8re de protection des donn\u00e9es \u00e0 caract\u00e8re personnel du site <a href=\"https:\/\/appartementslarochelle.fr\"><\/a> accessible \u00e0 la rubrique \u00ab\u00a0Donn\u00e9es personnelles\u00a0\u00bb<\/p>\n<p>Pour plus d&rsquo;informations en mati\u00e8re de cookies, se reporter \u00e0 la Charte en mati\u00e8re de cookies du site <a href=\"https:\/\/appartementslarochelle.fr\"><\/a> accessible \u00e0 la rubrique \u00ab\u00a0Cookies\u00a0\u00bb<\/p>\n<\/p>\t\t\t\t\t\t\t\t<\/div>\n\t\t\t\t<\/div>\n\t\t\t\t\t<\/div>\n\t\t\t\t<\/div>\n\t\t\t\t<\/div>\n\t\t","protected":false},"excerpt":{"rendered":"<p>Mentions l\u00e9gales<\/p>\n","protected":false},"author":1,"featured_media":0,"parent":0,"menu_order":0,"comment_status":"closed","ping_status":"closed","template":"","meta":{"site-sidebar-layout":"no-sidebar","site-content-layout":"","ast-site-content-layout":"full-width-container","site-content-style":"default","site-sidebar-style":"default","ast-global-header-display":"","ast-banner-title-visibility":"","ast-main-header-display":"","ast-hfb-above-header-display":"","ast-hfb-below-header-display":"","ast-hfb-mobile-header-display":"","site-post-title":"disabled","ast-breadcrumbs-content":"","ast-featured-img":"disabled","footer-sml-layout":"","ast-disable-related-posts":"","theme-transparent-header-meta":"","adv-header-id-meta":"","stick-header-meta":"","header-above-stick-meta":"","header-main-stick-meta":"","header-below-stick-meta":"","astra-migrate-meta-layouts":"default","ast-page-background-enabled":"default","ast-page-background-meta":{"desktop":{"background-color":"var(--ast-global-color-4)","background-image":"","background-repeat":"repeat","background-position":"center center","background-size":"auto","background-attachment":"scroll","background-type":"","background-media":"","overlay-type":"","overlay-color":"","overlay-opacity":"","overlay-gradient":""},"tablet":{"background-color":"","background-image":"","background-repeat":"repeat","background-position":"center center","background-size":"auto","background-attachment":"scroll","background-type":"","background-media":"","overlay-type":"","overlay-color":"","overlay-opacity":"","overlay-gradient":""},"mobile":{"background-color":"","background-image":"","background-repeat":"repeat","background-position":"center center","background-size":"auto","background-attachment":"scroll","background-type":"","background-media":"","overlay-type":"","overlay-color":"","overlay-opacity":"","overlay-gradient":""}},"ast-content-background-meta":{"desktop":{"background-color":"var(--ast-global-color-5)","background-image":"","background-repeat":"repeat","background-position":"center center","background-size":"auto","background-attachment":"scroll","background-type":"","background-media":"","overlay-type":"","overlay-color":"","overlay-opacity":"","overlay-gradient":""},"tablet":{"background-color":"var(--ast-global-color-5)","background-image":"","background-repeat":"repeat","background-position":"center center","background-size":"auto","background-attachment":"scroll","background-type":"","background-media":"","overlay-type":"","overlay-color":"","overlay-opacity":"","overlay-gradient":""},"mobile":{"background-color":"var(--ast-global-color-5)","background-image":"","background-repeat":"repeat","background-position":"center center","background-size":"auto","background-attachment":"scroll","background-type":"","background-media":"","overlay-type":"","overlay-color":"","overlay-opacity":"","overlay-gradient":""}},"footnotes":""},"class_list":["post-456","page","type-page","status-publish","hentry"],"yoast_head":"<!-- This site is optimized with the Yoast SEO plugin v27.0 - https:\/\/yoast.com\/product\/yoast-seo-wordpress\/ -->\n<title>les mentions l\u00e9gales Appartementslarochelle.fr<\/title>\n<meta name=\"description\" content=\"Consultez les mentions l\u00e9gales Appartementslarochelle.fr pour savoir nos conditions d&#039;utilisation et notre politique de confidentialit\u00e9.\" \/>\n<meta name=\"robots\" content=\"index, follow, max-snippet:-1, max-image-preview:large, max-video-preview:-1\" \/>\n<link rel=\"canonical\" href=\"https:\/\/appartementslarochelle.fr\/index.php\/les-mentions-legales\/\" \/>\n<meta property=\"og:locale\" content=\"fr_FR\" \/>\n<meta property=\"og:type\" content=\"article\" \/>\n<meta property=\"og:title\" content=\"les mentions l\u00e9gales Appartementslarochelle.fr\" \/>\n<meta property=\"og:description\" content=\"Consultez les mentions l\u00e9gales Appartementslarochelle.fr pour savoir nos conditions d&#039;utilisation et notre politique de confidentialit\u00e9.\" \/>\n<meta property=\"og:url\" content=\"https:\/\/appartementslarochelle.fr\/index.php\/les-mentions-legales\/\" \/>\n<meta property=\"article:modified_time\" content=\"2024-06-04T12:17:36+00:00\" \/>\n<meta name=\"twitter:card\" content=\"summary_large_image\" \/>\n<meta name=\"twitter:label1\" content=\"Dur\u00e9e de lecture estim\u00e9e\" \/>\n\t<meta name=\"twitter:data1\" content=\"1 minute\" \/>\n<script type=\"application\/ld+json\" class=\"yoast-schema-graph\">{\"@context\":\"https:\/\/schema.org\",\"@graph\":[{\"@type\":\"WebPage\",\"@id\":\"https:\/\/appartementslarochelle.fr\/index.php\/les-mentions-legales\/\",\"url\":\"https:\/\/appartementslarochelle.fr\/index.php\/les-mentions-legales\/\",\"name\":\"les mentions l\u00e9gales Appartementslarochelle.fr\",\"isPartOf\":{\"@id\":\"https:\/\/appartementslarochelle.fr\/#website\"},\"datePublished\":\"2024-05-20T15:14:49+00:00\",\"dateModified\":\"2024-06-04T12:17:36+00:00\",\"description\":\"Consultez les mentions l\u00e9gales Appartementslarochelle.fr pour savoir nos conditions d'utilisation et notre politique de confidentialit\u00e9.\",\"breadcrumb\":{\"@id\":\"https:\/\/appartementslarochelle.fr\/index.php\/les-mentions-legales\/#breadcrumb\"},\"inLanguage\":\"fr-FR\",\"potentialAction\":[{\"@type\":\"ReadAction\",\"target\":[\"https:\/\/appartementslarochelle.fr\/index.php\/les-mentions-legales\/\"]}]},{\"@type\":\"BreadcrumbList\",\"@id\":\"https:\/\/appartementslarochelle.fr\/index.php\/les-mentions-legales\/#breadcrumb\",\"itemListElement\":[{\"@type\":\"ListItem\",\"position\":1,\"name\":\"Accueil\",\"item\":\"https:\/\/appartementslarochelle.fr\/\"},{\"@type\":\"ListItem\",\"position\":2,\"name\":\"Les mentions l\u00e9gales\"}]},{\"@type\":\"WebSite\",\"@id\":\"https:\/\/appartementslarochelle.fr\/#website\",\"url\":\"https:\/\/appartementslarochelle.fr\/\",\"name\":\"appartementslarochelle.fr\",\"description\":\"\",\"publisher\":{\"@id\":\"https:\/\/appartementslarochelle.fr\/#organization\"},\"potentialAction\":[{\"@type\":\"SearchAction\",\"target\":{\"@type\":\"EntryPoint\",\"urlTemplate\":\"https:\/\/appartementslarochelle.fr\/?s={search_term_string}\"},\"query-input\":{\"@type\":\"PropertyValueSpecification\",\"valueRequired\":true,\"valueName\":\"search_term_string\"}}],\"inLanguage\":\"fr-FR\"},{\"@type\":\"Organization\",\"@id\":\"https:\/\/appartementslarochelle.fr\/#organization\",\"name\":\"appartementslarochelle.fr\",\"url\":\"https:\/\/appartementslarochelle.fr\/\",\"logo\":{\"@type\":\"ImageObject\",\"inLanguage\":\"fr-FR\",\"@id\":\"https:\/\/appartementslarochelle.fr\/#\/schema\/logo\/image\/\",\"url\":\"https:\/\/appartementslarochelle.fr\/wp-content\/uploads\/2024\/05\/cropped-locationmeublee.fr_.png\",\"contentUrl\":\"https:\/\/appartementslarochelle.fr\/wp-content\/uploads\/2024\/05\/cropped-locationmeublee.fr_.png\",\"width\":500,\"height\":321,\"caption\":\"appartementslarochelle.fr\"},\"image\":{\"@id\":\"https:\/\/appartementslarochelle.fr\/#\/schema\/logo\/image\/\"}}]}<\/script>\n<!-- \/ Yoast SEO plugin. -->","yoast_head_json":{"title":"les mentions l\u00e9gales Appartementslarochelle.fr","description":"Consultez les mentions l\u00e9gales Appartementslarochelle.fr pour savoir nos conditions d'utilisation et notre politique de confidentialit\u00e9.","robots":{"index":"index","follow":"follow","max-snippet":"max-snippet:-1","max-image-preview":"max-image-preview:large","max-video-preview":"max-video-preview:-1"},"canonical":"https:\/\/appartementslarochelle.fr\/index.php\/les-mentions-legales\/","og_locale":"fr_FR","og_type":"article","og_title":"les mentions l\u00e9gales Appartementslarochelle.fr","og_description":"Consultez les mentions l\u00e9gales Appartementslarochelle.fr pour savoir nos conditions d'utilisation et notre politique de confidentialit\u00e9.","og_url":"https:\/\/appartementslarochelle.fr\/index.php\/les-mentions-legales\/","article_modified_time":"2024-06-04T12:17:36+00:00","twitter_card":"summary_large_image","twitter_misc":{"Dur\u00e9e de lecture estim\u00e9e":"1 minute"},"schema":{"@context":"https:\/\/schema.org","@graph":[{"@type":"WebPage","@id":"https:\/\/appartementslarochelle.fr\/index.php\/les-mentions-legales\/","url":"https:\/\/appartementslarochelle.fr\/index.php\/les-mentions-legales\/","name":"les mentions l\u00e9gales Appartementslarochelle.fr","isPartOf":{"@id":"https:\/\/appartementslarochelle.fr\/#website"},"datePublished":"2024-05-20T15:14:49+00:00","dateModified":"2024-06-04T12:17:36+00:00","description":"Consultez les mentions l\u00e9gales Appartementslarochelle.fr pour savoir nos conditions d'utilisation et notre politique de confidentialit\u00e9.","breadcrumb":{"@id":"https:\/\/appartementslarochelle.fr\/index.php\/les-mentions-legales\/#breadcrumb"},"inLanguage":"fr-FR","potentialAction":[{"@type":"ReadAction","target":["https:\/\/appartementslarochelle.fr\/index.php\/les-mentions-legales\/"]}]},{"@type":"BreadcrumbList","@id":"https:\/\/appartementslarochelle.fr\/index.php\/les-mentions-legales\/#breadcrumb","itemListElement":[{"@type":"ListItem","position":1,"name":"Accueil","item":"https:\/\/appartementslarochelle.fr\/"},{"@type":"ListItem","position":2,"name":"Les mentions l\u00e9gales"}]},{"@type":"WebSite","@id":"https:\/\/appartementslarochelle.fr\/#website","url":"https:\/\/appartementslarochelle.fr\/","name":"appartementslarochelle.fr","description":"","publisher":{"@id":"https:\/\/appartementslarochelle.fr\/#organization"},"potentialAction":[{"@type":"SearchAction","target":{"@type":"EntryPoint","urlTemplate":"https:\/\/appartementslarochelle.fr\/?s={search_term_string}"},"query-input":{"@type":"PropertyValueSpecification","valueRequired":true,"valueName":"search_term_string"}}],"inLanguage":"fr-FR"},{"@type":"Organization","@id":"https:\/\/appartementslarochelle.fr\/#organization","name":"appartementslarochelle.fr","url":"https:\/\/appartementslarochelle.fr\/","logo":{"@type":"ImageObject","inLanguage":"fr-FR","@id":"https:\/\/appartementslarochelle.fr\/#\/schema\/logo\/image\/","url":"https:\/\/appartementslarochelle.fr\/wp-content\/uploads\/2024\/05\/cropped-locationmeublee.fr_.png","contentUrl":"https:\/\/appartementslarochelle.fr\/wp-content\/uploads\/2024\/05\/cropped-locationmeublee.fr_.png","width":500,"height":321,"caption":"appartementslarochelle.fr"},"image":{"@id":"https:\/\/appartementslarochelle.fr\/#\/schema\/logo\/image\/"}}]}},"_links":{"self":[{"href":"https:\/\/appartementslarochelle.fr\/index.php\/wp-json\/wp\/v2\/pages\/456","targetHints":{"allow":["GET"]}}],"collection":[{"href":"https:\/\/appartementslarochelle.fr\/index.php\/wp-json\/wp\/v2\/pages"}],"about":[{"href":"https:\/\/appartementslarochelle.fr\/index.php\/wp-json\/wp\/v2\/types\/page"}],"author":[{"embeddable":true,"href":"https:\/\/appartementslarochelle.fr\/index.php\/wp-json\/wp\/v2\/users\/1"}],"replies":[{"embeddable":true,"href":"https:\/\/appartementslarochelle.fr\/index.php\/wp-json\/wp\/v2\/comments?post=456"}],"version-history":[{"count":5,"href":"https:\/\/appartementslarochelle.fr\/index.php\/wp-json\/wp\/v2\/pages\/456\/revisions"}],"predecessor-version":[{"id":932,"href":"https:\/\/appartementslarochelle.fr\/index.php\/wp-json\/wp\/v2\/pages\/456\/revisions\/932"}],"wp:attachment":[{"href":"https:\/\/appartementslarochelle.fr\/index.php\/wp-json\/wp\/v2\/media?parent=456"}],"curies":[{"name":"wp","href":"https:\/\/api.w.org\/{rel}","templated":true}]}}